{"id":263,"date":"2026-03-27T12:04:44","date_gmt":"2026-03-27T11:04:44","guid":{"rendered":"http:\/\/tbogdanstudio.fr\/?page_id=263"},"modified":"2026-03-27T12:04:44","modified_gmt":"2026-03-27T11:04:44","slug":"mentions-legales","status":"publish","type":"page","link":"http:\/\/tbogdanstudio.fr\/?page_id=263","title":{"rendered":"Mentions-legales"},"content":{"rendered":"\n<hr class=\"wp-block-separator has-alpha-channel-opacity\"\/>\n\n\n\n<p><strong>\u00c9diteur du site<\/strong><\/p>\n\n\n\n<p>Tomasz Bogdan<br>Code APE (activit\u00e9 artistiques relevant des arts visuels 90.03A\/90.03B)<br>No Siret : 52 777 96 72 000 23<\/p>\n\n\n\n<hr class=\"wp-block-separator has-alpha-channel-opacity\"\/>\n\n\n\n<p><strong>H\u00e9bergement du site<\/strong><\/p>\n\n\n\n<p>SARL OVH<br>Adresse : 140, quai du Sartel \u2013 59100 ROUBAIX | FRANCE<br>Tel : 0 899 701 761 \u2013 Fax : 03 20 20 09 58<br>E-mail : support@ovh.com<br>Site : www.ovh.com<\/p>\n\n\n\n<hr class=\"wp-block-separator has-alpha-channel-opacity\"\/>\n\n\n\n<p><strong>Droit d\u2019auteur<\/strong><\/p>\n\n\n\n<p>Les textes et photos publi\u00e9s sur ce site sont prot\u00e9g\u00e9s par le code de la propri\u00e9t\u00e9 intellectuelle. Toute utilisation commerciale est soumise \u00e0 autorisation pr\u00e9alable.<\/p>\n\n\n\n<hr class=\"wp-block-separator has-alpha-channel-opacity\"\/>\n\n\n\n<p>Site propuls\u00e9 par WordPress. Adaptation du th\u00e8me Fewer.<br><\/p>\n","protected":false},"excerpt":{"rendered":"<p>\u00c9diteur du site Tomasz BogdanCode APE (activit\u00e9 artistiques relevant des arts visuels 90.03A\/90.03B)No Siret : 52 777 96 72 000 23 H\u00e9bergement du site SARL OVHAdresse : 140, quai du Sartel \u2013 59100 ROUBAIX | FRANCETel : 0 899 701 761 \u2013 Fax : 03 20 20 09 58E-mail : support@ovh.comSite : www.ovh.com Droit d\u2019auteur [&hellip;]<\/p>\n","protected":false},"author":1,"featured_media":0,"parent":0,"menu_order":0,"comment_status":"closed","ping_status":"closed","template":"","meta":{"footnotes":""},"class_list":["post-263","page","type-page","status-publish","hentry"],"_links":{"self":[{"href":"http:\/\/tbogdanstudio.fr\/index.php?rest_route=\/wp\/v2\/pages\/263","targetHints":{"allow":["GET"]}}],"collection":[{"href":"http:\/\/tbogdanstudio.fr\/index.php?rest_route=\/wp\/v2\/pages"}],"about":[{"href":"http:\/\/tbogdanstudio.fr\/index.php?rest_route=\/wp\/v2\/types\/page"}],"author":[{"embeddable":true,"href":"http:\/\/tbogdanstudio.fr\/index.php?rest_route=\/wp\/v2\/users\/1"}],"replies":[{"embeddable":true,"href":"http:\/\/tbogdanstudio.fr\/index.php?rest_route=%2Fwp%2Fv2%2Fcomments&post=263"}],"version-history":[{"count":1,"href":"http:\/\/tbogdanstudio.fr\/index.php?rest_route=\/wp\/v2\/pages\/263\/revisions"}],"predecessor-version":[{"id":264,"href":"http:\/\/tbogdanstudio.fr\/index.php?rest_route=\/wp\/v2\/pages\/263\/revisions\/264"}],"wp:attachment":[{"href":"http:\/\/tbogdanstudio.fr\/index.php?rest_route=%2Fwp%2Fv2%2Fmedia&parent=263"}],"curies":[{"name":"wp","href":"https:\/\/api.w.org\/{rel}","templated":true}]}}