{"id":35,"date":"2026-03-14T14:14:34","date_gmt":"2026-03-14T14:14:34","guid":{"rendered":"http:\/\/tbogdanstudio.fr\/?page_id=35"},"modified":"2026-03-19T14:39:27","modified_gmt":"2026-03-19T14:39:27","slug":"photographie","status":"publish","type":"page","link":"https:\/\/tbogdanstudio.fr\/?page_id=35","title":{"rendered":"Photographie"},"content":{"rendered":"\n<div class=\"wp-block-query is-layout-flow wp-block-query-is-layout-flow\"><ul class=\"wp-block-post-template is-layout-flow wp-block-post-template-is-layout-flow\"><li class=\"wp-block-post post-102 post type-post status-publish format-standard has-post-thumbnail hentry category-photo tag-iran tag-photographie tag-voyage\">\n\n<div class=\"wp-block-columns alignwide is-layout-flex wp-container-core-columns-is-layout-28f84493 wp-block-columns-is-layout-flex\">\n<div class=\"wp-block-column is-layout-flow wp-block-column-is-layout-flow\" style=\"flex-basis:66.66%\"><figure class=\"wp-block-post-featured-image\"><a href=\"https:\/\/tbogdanstudio.fr\/?p=102\" target=\"_self\"  ><img loading=\"lazy\" decoding=\"async\" width=\"1024\" height=\"684\" src=\"https:\/\/tbogdanstudio.fr\/wp-content\/uploads\/2026\/03\/DSC3650-HDR.jpg\" class=\"attachment-post-thumbnail size-post-thumbnail wp-post-image\" alt=\"Village d&rsquo;Uraman Takht\" style=\"object-fit:cover;\" srcset=\"https:\/\/tbogdanstudio.fr\/wp-content\/uploads\/2026\/03\/DSC3650-HDR.jpg 1024w, https:\/\/tbogdanstudio.fr\/wp-content\/uploads\/2026\/03\/DSC3650-HDR-300x200.jpg 300w, https:\/\/tbogdanstudio.fr\/wp-content\/uploads\/2026\/03\/DSC3650-HDR-768x513.jpg 768w\" sizes=\"auto, (max-width: 1024px) 100vw, 1024px\" \/><\/a><\/figure><\/div>\n\n\n\n<div class=\"wp-block-column is-layout-flow wp-block-column-is-layout-flow\" style=\"flex-basis:33.33%\"><h2 class=\"wp-block-post-title\"><a href=\"https:\/\/tbogdanstudio.fr\/?p=102\" target=\"_self\" >Village d&rsquo;Uraman Takht<\/a><\/h2>\n\n<div class=\"wp-block-post-excerpt\"><p class=\"wp-block-post-excerpt__excerpt\">Photographies du village d&rsquo;Uraman Takht \/ \u0627\u0648\u0631\u0627\u0645\u0627\u0646 \u062a\u062e\u062a \/ Ooraman, dans le cont\u00e9 de Sarvabad, en province du Kurdistan Iranien, \u00e0 la fronti\u00e8re avec la province de Kermanshah. C&rsquo;est lors\u2026<\/p><p class=\"wp-block-post-excerpt__more-text\"><a class=\"wp-block-post-excerpt__more-link\" href=\"https:\/\/tbogdanstudio.fr\/?p=102\">Lire plus &gt;<\/a><\/p><\/div><\/div>\n<\/div>\n\n<\/li><li class=\"wp-block-post post-209 post type-post status-publish format-standard has-post-thumbnail hentry category-photo tag-photographie tag-video\">\n\n<div class=\"wp-block-columns alignwide is-layout-flex wp-container-core-columns-is-layout-28f84493 wp-block-columns-is-layout-flex\">\n<div class=\"wp-block-column is-layout-flow wp-block-column-is-layout-flow\" style=\"flex-basis:66.66%\"><figure class=\"wp-block-post-featured-image\"><a href=\"https:\/\/tbogdanstudio.fr\/?p=209\" target=\"_self\"  ><img loading=\"lazy\" decoding=\"async\" width=\"960\" height=\"540\" src=\"https:\/\/tbogdanstudio.fr\/wp-content\/uploads\/2026\/03\/00061a.gif\" class=\"attachment-post-thumbnail size-post-thumbnail wp-post-image\" alt=\"Cin\u00e9magraphe I\" style=\"object-fit:cover;\" \/><\/a><\/figure><\/div>\n\n\n\n<div class=\"wp-block-column is-layout-flow wp-block-column-is-layout-flow\" style=\"flex-basis:33.33%\"><h2 class=\"wp-block-post-title\"><a href=\"https:\/\/tbogdanstudio.fr\/?p=209\" target=\"_self\" >Cin\u00e9magraphe I<\/a><\/h2>\n\n<div class=\"wp-block-post-excerpt\"><p class=\"wp-block-post-excerpt__excerpt\">R\u00e9alisation de cin\u00e9magraphe, autrement dit, des boucles vid\u00e9o statique, en GIF.<\/p><p class=\"wp-block-post-excerpt__more-text\"><a class=\"wp-block-post-excerpt__more-link\" href=\"https:\/\/tbogdanstudio.fr\/?p=209\">Lire plus &gt;<\/a><\/p><\/div><\/div>\n<\/div>\n\n<\/li><\/ul><\/div>\n","protected":false},"excerpt":{"rendered":"","protected":false},"author":1,"featured_media":0,"parent":0,"menu_order":0,"comment_status":"closed","ping_status":"closed","template":"","meta":{"footnotes":""},"class_list":["post-35","page","type-page","status-publish","hentry"],"_links":{"self":[{"href":"https:\/\/tbogdanstudio.fr\/index.php?rest_route=\/wp\/v2\/pages\/35","targetHints":{"allow":["GET"]}}],"collection":[{"href":"https:\/\/tbogdanstudio.fr\/index.php?rest_route=\/wp\/v2\/pages"}],"about":[{"href":"https:\/\/tbogdanstudio.fr\/index.php?rest_route=\/wp\/v2\/types\/page"}],"author":[{"embeddable":true,"href":"https:\/\/tbogdanstudio.fr\/index.php?rest_route=\/wp\/v2\/users\/1"}],"replies":[{"embeddable":true,"href":"https:\/\/tbogdanstudio.fr\/index.php?rest_route=%2Fwp%2Fv2%2Fcomments&post=35"}],"version-history":[{"count":8,"href":"https:\/\/tbogdanstudio.fr\/index.php?rest_route=\/wp\/v2\/pages\/35\/revisions"}],"predecessor-version":[{"id":126,"href":"https:\/\/tbogdanstudio.fr\/index.php?rest_route=\/wp\/v2\/pages\/35\/revisions\/126"}],"wp:attachment":[{"href":"https:\/\/tbogdanstudio.fr\/index.php?rest_route=%2Fwp%2Fv2%2Fmedia&parent=35"}],"curies":[{"name":"wp","href":"https:\/\/api.w.org\/{rel}","templated":true}]}}